{"id":75,"date":"2019-10-14T06:56:55","date_gmt":"2019-10-14T06:56:55","guid":{"rendered":"http:\/\/dexen.smartdemowp.com\/?page_id=75"},"modified":"2022-12-29T13:34:22","modified_gmt":"2022-12-29T13:34:22","slug":"about-us","status":"publish","type":"page","link":"https:\/\/redis.al\/sq\/about-us\/","title":{"rendered":"Rreth nesh"},"content":{"rendered":"<div data-elementor-type=\"wp-page\" data-elementor-id=\"75\" class=\"elementor elementor-75\">\n\t\t\t\t\t\t<section class=\"elementor-section elementor-top-section elementor-element elementor-element-3f298ca elementor-section-stretched elementor-section-full_width elementor-section-height-default elementor-section-height-default\" data-id=\"3f298ca\" data-element_type=\"section\" data-e-type=\"section\" data-settings=\"{&quot;stretch_section&quot;:&quot;section-stretched&quot;}\">\n\t\t\t\t\t\t<div class=\"elementor-container elementor-column-gap-default\">\n\t\t\t\t\t<div class=\"elementor-column elementor-col-100 elementor-top-column elementor-element elementor-element-02584a7\" data-id=\"02584a7\" data-element_type=\"column\" data-e-type=\"column\">\n\t\t\t<div class=\"elementor-widget-wrap elementor-element-populated\">\n\t\t\t\t\t\t<div class=\"elementor-element elementor-element-1fd6c64 elementor-widget elementor-widget-dexen_about_us2\" data-id=\"1fd6c64\" data-element_type=\"widget\" data-e-type=\"widget\" data-widget_type=\"dexen_about_us2.default\">\n\t\t\t\t<div class=\"elementor-widget-container\">\n\t\t\t\t\t\t\t <section class=\"sec-pad-top about-two\">\n\t\t\t<div class=\"container\">\n\t\t\t\t<div class=\"row\">\n\t\t\t\t\t<div class=\"col-xl-3 col-lg-6 col-sm-6 content-margin-30\">\n\t\t\t\t\t\t<img decoding=\"async\" src=\"https:\/\/redis.al\/wp-content\/uploads\/2022\/11\/Img-About-us-1-Redis-Web.jpg\" alt=\"\" \/>\n\t\t\t\t\t<\/div><!-- \/.col-lg-3 -->\n\t\t\t\t\t<div class=\"col-xl-3 col-lg-6 col-sm-6 content-margin-30\">\n\t\t\t\t\t\t<img decoding=\"async\" src=\"https:\/\/redis.al\/wp-content\/uploads\/2022\/11\/Img-about-us-2-Redis-web.jpg\" alt=\"\" \/>\n\t\t\t\t\t<\/div><!-- \/.col-lg-3 -->\n\t\t\t\t\t<div class=\"col-lg-6 content-margin-30\">\n\t\t\t\t\t\t<img decoding=\"async\" src=\"https:\/\/redis.al\/wp-content\/uploads\/2022\/11\/Img-Abous-us-3-Redis-Web.jpg\" alt=\"\" \/>\n\t\t\t\t\t<\/div><!-- \/.col-lg-6 -->\n\t\t\t\t<\/div><!-- \/.row -->\n\t\t\t\t<div class=\"block-title\">\n\t\t\t\t\t<h2 class=\"block-title__title\">Rreth Redis Printing<\/h2>\n\t\t\t\t\t<h2 class=\"block-title__text\">Redis \u00ebsht\u00eb kompania q\u00eb solli p\u00ebr her\u00eb t\u00eb par\u00eb n\u00eb tregun shqiptar, n\u00eb m\u00ebnyr\u00eb p\u00ebrfaq\u00ebsuese, prodhuesit m\u00eb t\u00eb m\u00ebdhenj n\u00eb bot\u00eb t\u00eb produkteve apo sh\u00ebrbimeve n\u00eb industrin\u00eb e reklamave dhe printimeve dixhitale. \u00cbsht\u00eb themeluar n\u00eb qershor 2008 n\u00eb Tiran\u00eb nga Redi Sejamini ku fokusi \u00ebsht\u00eb n\u00eb shitjen dhe mb\u00ebshtetjen teknike t\u00eb pajisjeve, softuer\u00ebve dhe materialeve p\u00ebr printimin dixhital industrial.\nBazuar n\u00eb njohurit\u00eb solide t\u00eb nevojave t\u00eb nj\u00eb tregu n\u00eb zgjerim p\u00ebr prodhuesit e printimeve dixhitale dhe tabelave, strategjia e zbatuar nga Redi's e ka vendosur kompanin\u00eb jo vet\u00ebm si nj\u00eb lider n\u00eb treg, por edhe si nj\u00eb pioniere q\u00eb ndikon n\u00eb edukimin e tregut shqiptar. Redi's mbulon tregjet shqiptare n\u00eb Shqip\u00ebri dhe Kosov\u00eb (por jo vet\u00ebm) prodhuesit kryesor\u00eb t\u00eb nivelit nd\u00ebrkomb\u00ebtar.<\/h2>\n\t\t\t\t<\/div><!-- \/.block-title -->\n\t\t\t<\/div><!-- \/.container -->\n\t\t<\/section>\n\t\t\t\t\t\t<\/div>\n\t\t\t\t<\/div>\n\t\t\t\t\t<\/div>\n\t\t<\/div>\n\t\t\t\t\t<\/div>\n\t\t<\/section>\n\t\t\t\t<section class=\"elementor-section elementor-top-section elementor-element elementor-element-3a37e57 elementor-section-stretched elementor-section-full_width elementor-section-height-default elementor-section-height-default\" data-id=\"3a37e57\" data-element_type=\"section\" data-e-type=\"section\" data-settings=\"{&quot;stretch_section&quot;:&quot;section-stretched&quot;,&quot;background_background&quot;:&quot;classic&quot;}\">\n\t\t\t\t\t\t<div class=\"elementor-container elementor-column-gap-no\">\n\t\t\t\t\t<div class=\"elementor-column elementor-col-100 elementor-top-column elementor-element elementor-element-1cec588\" data-id=\"1cec588\" data-element_type=\"column\" data-e-type=\"column\">\n\t\t\t<div class=\"elementor-widget-wrap elementor-element-populated\">\n\t\t\t\t\t\t<div class=\"elementor-element elementor-element-2378092 elementor-widget elementor-widget-dexen_counter\" data-id=\"2378092\" data-element_type=\"widget\" data-e-type=\"widget\" data-widget_type=\"dexen_counter.default\">\n\t\t\t\t<div class=\"elementor-widget-container\">\n\t\t\t\t\t\t\t   <section class=\"fun-fact-one  sec-pad-content-margin-50 sec-pad\">\n\t\t\t<div class=\"container text-center\">\n\t\t\t\t<div class=\"row\">\n\t\t\t\t\t\t\t\t\t\t\t\t\t\t\t<div class=\"col-lg-3 col-md-6 col-sm-12\">\n\t\t\t\t\t\t<div class=\"fun-fact-one__single content-margin-50\">\n\t\t\t\t\t\t\t<h3 class=\"fun-fact-one__title counter\">15<\/h3><!-- \/.fun-fact-one__title -->\n\t\t\t\t\t\t\t<p class=\"fun-fact-one__text\">Vite eksperience<\/p><!-- \/.fun-fact-one__text -->\n\t\t\t\t\t\t\t\t\t\t\t\t\t\t\t\t<a \n\t\t\t\t\t\t\t\t\t\t\t\t\tclass=\"fun-fact-one__link\"\n\t\t\t\t\t\t\t\t\t\t\t\t\thref=\"#\"\n\t\t\t\t\t\t\t\t\t\t\t\t\t\t\t\t\t\t\t\t\t\t\t\t\t\t><i class=\"fa fa-angle-right\"><\/i><\/a>\n\t\t\t\t\t\t\t\t\t<\/a>   \n\t\t\t\t\t\t\t\t\t\t\t\t\t\t<\/div><!-- \/.fun-fact-one__single -->\n\t\t\t\t\t<\/div><!-- \/.col-lg-3 -->\n\t\t\t\t\t\t\t\t\t\t<div class=\"col-lg-3 col-md-6 col-sm-12\">\n\t\t\t\t\t\t<div class=\"fun-fact-one__single content-margin-50\">\n\t\t\t\t\t\t\t<h3 class=\"fun-fact-one__title counter\">1900<\/h3><!-- \/.fun-fact-one__title -->\n\t\t\t\t\t\t\t<p class=\"fun-fact-one__text\">Produkte t\u00eb ofruara<\/p><!-- \/.fun-fact-one__text -->\n\t\t\t\t\t\t\t\t\t\t\t\t\t\t\t\t<a \n\t\t\t\t\t\t\t\t\t\t\t\t\tclass=\"fun-fact-one__link\"\n\t\t\t\t\t\t\t\t\t\t\t\t\thref=\"#\"\n\t\t\t\t\t\t\t\t\t\t\t\t\t\t\t\t\t\t\t\t\t\t\t\t\t\t><i class=\"fa fa-angle-right\"><\/i><\/a>\n\t\t\t\t\t\t\t\t\t<\/a>   \n\t\t\t\t\t\t\t\t\t\t\t\t\t\t<\/div><!-- \/.fun-fact-one__single -->\n\t\t\t\t\t<\/div><!-- \/.col-lg-3 -->\n\t\t\t\t\t\t\t\t\t\t<div class=\"col-lg-3 col-md-6 col-sm-12\">\n\t\t\t\t\t\t<div class=\"fun-fact-one__single content-margin-50\">\n\t\t\t\t\t\t\t<h3 class=\"fun-fact-one__title counter\">15<\/h3><!-- \/.fun-fact-one__title -->\n\t\t\t\t\t\t\t<p class=\"fun-fact-one__text\">Bashk\u00ebpunime<\/p><!-- \/.fun-fact-one__text -->\n\t\t\t\t\t\t\t\t\t\t\t\t\t\t\t\t<a \n\t\t\t\t\t\t\t\t\t\t\t\t\tclass=\"fun-fact-one__link\"\n\t\t\t\t\t\t\t\t\t\t\t\t\thref=\"#\"\n\t\t\t\t\t\t\t\t\t\t\t\t\t\t\t\t\t\t\t\t\t\t\t\t\t\t><i class=\"fa fa-angle-right\"><\/i><\/a>\n\t\t\t\t\t\t\t\t\t<\/a>   \n\t\t\t\t\t\t\t\t\t\t\t\t\t\t<\/div><!-- \/.fun-fact-one__single -->\n\t\t\t\t\t<\/div><!-- \/.col-lg-3 -->\n\t\t\t\t\t\t\t\t\t\t<div class=\"col-lg-3 col-md-6 col-sm-12\">\n\t\t\t\t\t\t<div class=\"fun-fact-one__single content-margin-50\">\n\t\t\t\t\t\t\t<h3 class=\"fun-fact-one__title counter\">9770<\/h3><!-- \/.fun-fact-one__title -->\n\t\t\t\t\t\t\t<p class=\"fun-fact-one__text\">Klient\u00eb t\u00eb lumtur<\/p><!-- \/.fun-fact-one__text -->\n\t\t\t\t\t\t\t\t\t\t\t\t\t\t\t\t<a \n\t\t\t\t\t\t\t\t\t\t\t\t\tclass=\"fun-fact-one__link\"\n\t\t\t\t\t\t\t\t\t\t\t\t\thref=\"#\"\n\t\t\t\t\t\t\t\t\t\t\t\t\t\t\t\t\t\t\t\t\t\t\t\t\t\t><i class=\"fa fa-angle-right\"><\/i><\/a>\n\t\t\t\t\t\t\t\t\t<\/a>   \n\t\t\t\t\t\t\t\t\t\t\t\t\t\t<\/div><!-- \/.fun-fact-one__single -->\n\t\t\t\t\t<\/div><!-- \/.col-lg-3 -->\n\t\t\t\t\t\t\t\t\t\t \t\t\t\t<\/div><!-- \/.row -->\n\t\t\t<\/div><!-- \/.container -->\n\t\t<\/section>\n\n\t\t\t\t\t\t<\/div>\n\t\t\t\t<\/div>\n\t\t\t\t\t<\/div>\n\t\t<\/div>\n\t\t\t\t\t<\/div>\n\t\t<\/section>\n\t\t\t\t<section class=\"elementor-section elementor-top-section elementor-element elementor-element-b65bbf7 elementor-section-boxed elementor-section-height-default elementor-section-height-default\" data-id=\"b65bbf7\" data-element_type=\"section\" data-e-type=\"section\">\n\t\t\t\t\t\t<div class=\"elementor-container elementor-column-gap-default\">\n\t\t\t\t\t<div class=\"elementor-column elementor-col-100 elementor-top-column elementor-element elementor-element-63f0890\" data-id=\"63f0890\" data-element_type=\"column\" data-e-type=\"column\">\n\t\t\t<div class=\"elementor-widget-wrap elementor-element-populated\">\n\t\t\t\t\t\t<div class=\"elementor-element elementor-element-a865ea7 elementor-widget elementor-widget-spacer\" data-id=\"a865ea7\" data-element_type=\"widget\" data-e-type=\"widget\" data-widget_type=\"spacer.default\">\n\t\t\t\t<div class=\"elementor-widget-container\">\n\t\t\t\t\t\t\t<div class=\"elementor-spacer\">\n\t\t\t<div class=\"elementor-spacer-inner\"><\/div>\n\t\t<\/div>\n\t\t\t\t\t\t<\/div>\n\t\t\t\t<\/div>\n\t\t\t\t<div class=\"elementor-element elementor-element-4b0c3c1 elementor-widget elementor-widget-heading\" data-id=\"4b0c3c1\" data-element_type=\"widget\" data-e-type=\"widget\" data-widget_type=\"heading.default\">\n\t\t\t\t<div class=\"elementor-widget-container\">\n\t\t\t\t\t<h1 class=\"elementor-heading-title elementor-size-default\">\u00c7far\u00eb thon\u00eb klient\u00ebt tan\u00eb<\/h1>\t\t\t\t<\/div>\n\t\t\t\t<\/div>\n\t\t\t\t\t<\/div>\n\t\t<\/div>\n\t\t\t\t\t<\/div>\n\t\t<\/section>\n\t\t\t\t<\/div>","protected":false},"excerpt":{"rendered":"<p>About Redis Printing Redi&#8217;s is the company that brought [&hellip;]<\/p>\n","protected":false},"author":1,"featured_media":0,"parent":0,"menu_order":0,"comment_status":"closed","ping_status":"closed","template":"elementor_header_footer","meta":{"footnotes":""},"class_list":["post-75","page","type-page","status-publish","hentry"],"_links":{"self":[{"href":"https:\/\/redis.al\/sq\/wp-json\/wp\/v2\/pages\/75","targetHints":{"allow":["GET"]}}],"collection":[{"href":"https:\/\/redis.al\/sq\/wp-json\/wp\/v2\/pages"}],"about":[{"href":"https:\/\/redis.al\/sq\/wp-json\/wp\/v2\/types\/page"}],"author":[{"embeddable":true,"href":"https:\/\/redis.al\/sq\/wp-json\/wp\/v2\/users\/1"}],"replies":[{"embeddable":true,"href":"https:\/\/redis.al\/sq\/wp-json\/wp\/v2\/comments?post=75"}],"version-history":[{"count":74,"href":"https:\/\/redis.al\/sq\/wp-json\/wp\/v2\/pages\/75\/revisions"}],"predecessor-version":[{"id":6095,"href":"https:\/\/redis.al\/sq\/wp-json\/wp\/v2\/pages\/75\/revisions\/6095"}],"wp:attachment":[{"href":"https:\/\/redis.al\/sq\/wp-json\/wp\/v2\/media?parent=75"}],"curies":[{"name":"wp","href":"https:\/\/api.w.org\/{rel}","templated":true}]}}