{"id":3405,"date":"2022-12-02T15:01:48","date_gmt":"2022-12-02T15:01:48","guid":{"rendered":"https:\/\/redis.al\/?page_id=3405"},"modified":"2025-11-18T09:51:09","modified_gmt":"2025-11-18T09:51:09","slug":"partners","status":"publish","type":"page","link":"https:\/\/redis.al\/sq\/partners\/","title":{"rendered":"Partner\u00ebt"},"content":{"rendered":"<div data-elementor-type=\"wp-page\" data-elementor-id=\"3405\" class=\"elementor elementor-3405\">\n\t\t\t\t\t\t<section class=\"elementor-section elementor-top-section elementor-element elementor-element-6e92037 elementor-section-boxed elementor-section-height-default elementor-section-height-default\" data-id=\"6e92037\" data-element_type=\"section\" data-e-type=\"section\">\n\t\t\t\t\t\t<div class=\"elementor-container elementor-column-gap-default\">\n\t\t\t\t\t<div class=\"elementor-column elementor-col-100 elementor-top-column elementor-element elementor-element-26695b1\" data-id=\"26695b1\" data-element_type=\"column\" data-e-type=\"column\">\n\t\t\t<div class=\"elementor-widget-wrap elementor-element-populated\">\n\t\t\t\t\t\t<div class=\"elementor-element elementor-element-e95ab4b elementor-widget elementor-widget-text-editor\" data-id=\"e95ab4b\" data-element_type=\"widget\" data-e-type=\"widget\" data-widget_type=\"text-editor.default\">\n\t\t\t\t<div class=\"elementor-widget-container\">\n\t\t\t\t\t\t\t\t\t<p style=\"text-align: justify;\">S\u00eb bashku me partner\u00ebt tan\u00eb n\u00eb Evrop\u00eb dhe vende t\u00eb tjera, ne kemi formuar nj\u00eb rrjet t\u00eb fort\u00eb sh\u00ebrbimesh, konsulence dhe besueshm\u00ebrie. P\u00ebr shkak t\u00eb marr\u00ebdh\u00ebnieve tona afatgjata t\u00eb biznesit me partner\u00ebt tan\u00eb, ne garantojm\u00eb mb\u00ebshtetjen e klient\u00ebve tan\u00eb n\u00eb \u00e7do moment. Fal\u00eb tyre, besimit t\u00eb tyre n\u00eb objektivat tona, ne jemi distributore p\u00ebr kompanit\u00eb kryesore n\u00eb bot\u00eb, n\u00eb tregun e printimit dixhital.<\/p>\t\t\t\t\t\t\t\t<\/div>\n\t\t\t\t<\/div>\n\t\t\t\t\t<\/div>\n\t\t<\/div>\n\t\t\t\t\t<\/div>\n\t\t<\/section>\n\t\t\t\t<section class=\"elementor-section elementor-top-section elementor-element elementor-element-62f0fe5 elementor-section-full_width elementor-section-height-default elementor-section-height-default\" data-id=\"62f0fe5\" data-element_type=\"section\" data-e-type=\"section\">\n\t\t\t\t\t\t<div class=\"elementor-container elementor-column-gap-extended\">\n\t\t\t\t\t<div class=\"elementor-column elementor-col-25 elementor-top-column elementor-element elementor-element-16d71e9\" data-id=\"16d71e9\" data-element_type=\"column\" data-e-type=\"column\">\n\t\t\t<div class=\"elementor-widget-wrap elementor-element-populated\">\n\t\t\t\t\t\t<div class=\"elementor-element elementor-element-1deb547 elementor-widget elementor-widget-image\" data-id=\"1deb547\" data-element_type=\"widget\" data-e-type=\"widget\" data-widget_type=\"image.default\">\n\t\t\t\t<div class=\"elementor-widget-container\">\n\t\t\t\t\t\t\t\t\t\t\t\t\t\t\t\t<a href=\"https:\/\/www.mimakieurope.com\/\">\n\t\t\t\t\t\t\t<img fetchpriority=\"high\" decoding=\"async\" width=\"300\" height=\"300\" src=\"https:\/\/redis.al\/wp-content\/uploads\/2022\/12\/Mimaki-logo.png\" class=\"attachment-large size-large wp-image-3414\" alt=\"\" srcset=\"https:\/\/redis.al\/wp-content\/uploads\/2022\/12\/Mimaki-logo.png 300w, https:\/\/redis.al\/wp-content\/uploads\/2022\/12\/Mimaki-logo-150x150.png 150w\" sizes=\"(max-width: 300px) 100vw, 300px\" \/>\t\t\t\t\t\t\t\t<\/a>\n\t\t\t\t\t\t\t\t\t\t\t\t\t\t\t<\/div>\n\t\t\t\t<\/div>\n\t\t\t\t\t<\/div>\n\t\t<\/div>\n\t\t\t\t<div class=\"elementor-column elementor-col-25 elementor-top-column elementor-element elementor-element-773f43f\" data-id=\"773f43f\" data-element_type=\"column\" data-e-type=\"column\">\n\t\t\t<div class=\"elementor-widget-wrap elementor-element-populated\">\n\t\t\t\t\t\t<div class=\"elementor-element elementor-element-5aee1b2 elementor-widget elementor-widget-image\" data-id=\"5aee1b2\" data-element_type=\"widget\" data-e-type=\"widget\" data-widget_type=\"image.default\">\n\t\t\t\t<div class=\"elementor-widget-container\">\n\t\t\t\t\t\t\t\t\t\t\t\t\t\t\t\t<a href=\"https:\/\/www.epiloglaser.com\/\">\n\t\t\t\t\t\t\t<img decoding=\"async\" width=\"300\" height=\"300\" src=\"https:\/\/redis.al\/wp-content\/uploads\/2022\/12\/Epilog-Laser-logo.png\" class=\"attachment-large size-large wp-image-3415\" alt=\"\" srcset=\"https:\/\/redis.al\/wp-content\/uploads\/2022\/12\/Epilog-Laser-logo.png 300w, https:\/\/redis.al\/wp-content\/uploads\/2022\/12\/Epilog-Laser-logo-150x150.png 150w\" sizes=\"(max-width: 300px) 100vw, 300px\" \/>\t\t\t\t\t\t\t\t<\/a>\n\t\t\t\t\t\t\t\t\t\t\t\t\t\t\t<\/div>\n\t\t\t\t<\/div>\n\t\t\t\t\t<\/div>\n\t\t<\/div>\n\t\t\t\t<div class=\"elementor-column elementor-col-25 elementor-top-column elementor-element elementor-element-913e95b\" data-id=\"913e95b\" data-element_type=\"column\" data-e-type=\"column\">\n\t\t\t<div class=\"elementor-widget-wrap elementor-element-populated\">\n\t\t\t\t\t\t<div class=\"elementor-element elementor-element-da9046c elementor-widget elementor-widget-image\" data-id=\"da9046c\" data-element_type=\"widget\" data-e-type=\"widget\" data-widget_type=\"image.default\">\n\t\t\t\t<div class=\"elementor-widget-container\">\n\t\t\t\t\t\t\t\t\t\t\t\t\t\t\t\t<a href=\"https:\/\/stahlseurope.com\/\">\n\t\t\t\t\t\t\t<img decoding=\"async\" width=\"300\" height=\"300\" src=\"https:\/\/redis.al\/wp-content\/uploads\/2022\/12\/Stahls-logo.png\" class=\"attachment-large size-large wp-image-3450\" alt=\"\" srcset=\"https:\/\/redis.al\/wp-content\/uploads\/2022\/12\/Stahls-logo.png 300w, https:\/\/redis.al\/wp-content\/uploads\/2022\/12\/Stahls-logo-150x150.png 150w\" sizes=\"(max-width: 300px) 100vw, 300px\" \/>\t\t\t\t\t\t\t\t<\/a>\n\t\t\t\t\t\t\t\t\t\t\t\t\t\t\t<\/div>\n\t\t\t\t<\/div>\n\t\t\t\t\t<\/div>\n\t\t<\/div>\n\t\t\t\t<div class=\"elementor-column elementor-col-25 elementor-top-column elementor-element elementor-element-571b1ca\" data-id=\"571b1ca\" data-element_type=\"column\" data-e-type=\"column\">\n\t\t\t<div class=\"elementor-widget-wrap elementor-element-populated\">\n\t\t\t\t\t\t<div class=\"elementor-element elementor-element-9a1cd7c elementor-widget elementor-widget-image\" data-id=\"9a1cd7c\" data-element_type=\"widget\" data-e-type=\"widget\" data-widget_type=\"image.default\">\n\t\t\t\t<div class=\"elementor-widget-container\">\n\t\t\t\t\t\t\t\t\t\t\t\t\t\t\t\t<a href=\"https:\/\/www.hp.com\/us-en\/home.html\">\n\t\t\t\t\t\t\t<img loading=\"lazy\" decoding=\"async\" width=\"300\" height=\"300\" src=\"https:\/\/redis.al\/wp-content\/uploads\/2022\/12\/HP-logo-1.png\" class=\"attachment-large size-large wp-image-3460\" alt=\"\" srcset=\"https:\/\/redis.al\/wp-content\/uploads\/2022\/12\/HP-logo-1.png 300w, https:\/\/redis.al\/wp-content\/uploads\/2022\/12\/HP-logo-1-150x150.png 150w\" sizes=\"(max-width: 300px) 100vw, 300px\" \/>\t\t\t\t\t\t\t\t<\/a>\n\t\t\t\t\t\t\t\t\t\t\t\t\t\t\t<\/div>\n\t\t\t\t<\/div>\n\t\t\t\t\t<\/div>\n\t\t<\/div>\n\t\t\t\t\t<\/div>\n\t\t<\/section>\n\t\t\t\t<section class=\"elementor-section elementor-top-section elementor-element elementor-element-b4ba97f elementor-section-full_width elementor-section-height-default elementor-section-height-default\" data-id=\"b4ba97f\" data-element_type=\"section\" data-e-type=\"section\">\n\t\t\t\t\t\t<div class=\"elementor-container elementor-column-gap-extended\">\n\t\t\t\t\t<div class=\"elementor-column elementor-col-25 elementor-top-column elementor-element elementor-element-97fc8ea\" data-id=\"97fc8ea\" data-element_type=\"column\" data-e-type=\"column\">\n\t\t\t<div class=\"elementor-widget-wrap elementor-element-populated\">\n\t\t\t\t\t\t<div class=\"elementor-element elementor-element-fbcc3ef elementor-widget elementor-widget-image\" data-id=\"fbcc3ef\" data-element_type=\"widget\" data-e-type=\"widget\" data-widget_type=\"image.default\">\n\t\t\t\t<div class=\"elementor-widget-container\">\n\t\t\t\t\t\t\t\t\t\t\t\t\t\t\t\t<a href=\"https:\/\/www.3acomposites.com\/\">\n\t\t\t\t\t\t\t<img loading=\"lazy\" decoding=\"async\" width=\"300\" height=\"300\" src=\"https:\/\/redis.al\/wp-content\/uploads\/2022\/12\/3A-Composites-logo-1.png\" class=\"attachment-large size-large wp-image-3459\" alt=\"\" srcset=\"https:\/\/redis.al\/wp-content\/uploads\/2022\/12\/3A-Composites-logo-1.png 300w, https:\/\/redis.al\/wp-content\/uploads\/2022\/12\/3A-Composites-logo-1-150x150.png 150w\" sizes=\"(max-width: 300px) 100vw, 300px\" \/>\t\t\t\t\t\t\t\t<\/a>\n\t\t\t\t\t\t\t\t\t\t\t\t\t\t\t<\/div>\n\t\t\t\t<\/div>\n\t\t\t\t\t<\/div>\n\t\t<\/div>\n\t\t\t\t<div class=\"elementor-column elementor-col-25 elementor-top-column elementor-element elementor-element-fb75b16\" data-id=\"fb75b16\" data-element_type=\"column\" data-e-type=\"column\">\n\t\t\t<div class=\"elementor-widget-wrap elementor-element-populated\">\n\t\t\t\t\t\t<div class=\"elementor-element elementor-element-20f2a40 elementor-widget elementor-widget-image\" data-id=\"20f2a40\" data-element_type=\"widget\" data-e-type=\"widget\" data-widget_type=\"image.default\">\n\t\t\t\t<div class=\"elementor-widget-container\">\n\t\t\t\t\t\t\t\t\t\t\t\t\t\t\t\t<a href=\"https:\/\/www.brettmartin.com\/\">\n\t\t\t\t\t\t\t<img loading=\"lazy\" decoding=\"async\" width=\"300\" height=\"300\" src=\"https:\/\/redis.al\/wp-content\/uploads\/2022\/12\/Bret-Martin-logo.png\" class=\"attachment-large size-large wp-image-3418\" alt=\"\" srcset=\"https:\/\/redis.al\/wp-content\/uploads\/2022\/12\/Bret-Martin-logo.png 300w, https:\/\/redis.al\/wp-content\/uploads\/2022\/12\/Bret-Martin-logo-150x150.png 150w\" sizes=\"(max-width: 300px) 100vw, 300px\" \/>\t\t\t\t\t\t\t\t<\/a>\n\t\t\t\t\t\t\t\t\t\t\t\t\t\t\t<\/div>\n\t\t\t\t<\/div>\n\t\t\t\t\t<\/div>\n\t\t<\/div>\n\t\t\t\t<div class=\"elementor-column elementor-col-25 elementor-top-column elementor-element elementor-element-0ba199a\" data-id=\"0ba199a\" data-element_type=\"column\" data-e-type=\"column\">\n\t\t\t<div class=\"elementor-widget-wrap elementor-element-populated\">\n\t\t\t\t\t\t<div class=\"elementor-element elementor-element-3c1b822 elementor-widget elementor-widget-image\" data-id=\"3c1b822\" data-element_type=\"widget\" data-e-type=\"widget\" data-widget_type=\"image.default\">\n\t\t\t\t<div class=\"elementor-widget-container\">\n\t\t\t\t\t\t\t\t\t\t\t\t\t\t\t\t<a href=\"https:\/\/www.averydennison.com\/en\/home.html\">\n\t\t\t\t\t\t\t<img loading=\"lazy\" decoding=\"async\" width=\"300\" height=\"300\" src=\"https:\/\/redis.al\/wp-content\/uploads\/2022\/12\/ADV1_Red_1797-300x300-1.jpeg\" class=\"attachment-large size-large wp-image-3431\" alt=\"\" srcset=\"https:\/\/redis.al\/wp-content\/uploads\/2022\/12\/ADV1_Red_1797-300x300-1.jpeg 300w, https:\/\/redis.al\/wp-content\/uploads\/2022\/12\/ADV1_Red_1797-300x300-1-150x150.jpeg 150w\" sizes=\"(max-width: 300px) 100vw, 300px\" \/>\t\t\t\t\t\t\t\t<\/a>\n\t\t\t\t\t\t\t\t\t\t\t\t\t\t\t<\/div>\n\t\t\t\t<\/div>\n\t\t\t\t\t<\/div>\n\t\t<\/div>\n\t\t\t\t<div class=\"elementor-column elementor-col-25 elementor-top-column elementor-element elementor-element-3512ac0\" data-id=\"3512ac0\" data-element_type=\"column\" data-e-type=\"column\">\n\t\t\t<div class=\"elementor-widget-wrap elementor-element-populated\">\n\t\t\t\t\t\t<div class=\"elementor-element elementor-element-e12091d elementor-widget elementor-widget-image\" data-id=\"e12091d\" data-element_type=\"widget\" data-e-type=\"widget\" data-widget_type=\"image.default\">\n\t\t\t\t<div class=\"elementor-widget-container\">\n\t\t\t\t\t\t\t\t\t\t\t\t\t\t\t\t<a href=\"https:\/\/nutecdigital.com\/\">\n\t\t\t\t\t\t\t<img loading=\"lazy\" decoding=\"async\" width=\"300\" height=\"300\" src=\"https:\/\/redis.al\/wp-content\/uploads\/2022\/12\/Nutec-logo.png\" class=\"attachment-large size-large wp-image-3441\" alt=\"\" srcset=\"https:\/\/redis.al\/wp-content\/uploads\/2022\/12\/Nutec-logo.png 300w, https:\/\/redis.al\/wp-content\/uploads\/2022\/12\/Nutec-logo-150x150.png 150w\" sizes=\"(max-width: 300px) 100vw, 300px\" \/>\t\t\t\t\t\t\t\t<\/a>\n\t\t\t\t\t\t\t\t\t\t\t\t\t\t\t<\/div>\n\t\t\t\t<\/div>\n\t\t\t\t\t<\/div>\n\t\t<\/div>\n\t\t\t\t\t<\/div>\n\t\t<\/section>\n\t\t\t\t<section class=\"elementor-section elementor-top-section elementor-element elementor-element-d2e822d elementor-section-full_width elementor-section-height-default elementor-section-height-default\" data-id=\"d2e822d\" data-element_type=\"section\" data-e-type=\"section\">\n\t\t\t\t\t\t<div class=\"elementor-container elementor-column-gap-extended\">\n\t\t\t\t\t<div class=\"elementor-column elementor-col-25 elementor-top-column elementor-element elementor-element-89aa3f3\" data-id=\"89aa3f3\" data-element_type=\"column\" data-e-type=\"column\">\n\t\t\t<div class=\"elementor-widget-wrap elementor-element-populated\">\n\t\t\t\t\t\t<div class=\"elementor-element elementor-element-ec7b176 elementor-widget elementor-widget-image\" data-id=\"ec7b176\" data-element_type=\"widget\" data-e-type=\"widget\" data-widget_type=\"image.default\">\n\t\t\t\t<div class=\"elementor-widget-container\">\n\t\t\t\t\t\t\t\t\t\t\t\t\t\t\t\t<a href=\"https:\/\/www.beaverpaper.com\/\">\n\t\t\t\t\t\t\t<img loading=\"lazy\" decoding=\"async\" width=\"300\" height=\"300\" src=\"https:\/\/redis.al\/wp-content\/uploads\/2022\/12\/Beaver-Paper-logo.png\" class=\"attachment-large size-large wp-image-3445\" alt=\"\" srcset=\"https:\/\/redis.al\/wp-content\/uploads\/2022\/12\/Beaver-Paper-logo.png 300w, https:\/\/redis.al\/wp-content\/uploads\/2022\/12\/Beaver-Paper-logo-150x150.png 150w\" sizes=\"(max-width: 300px) 100vw, 300px\" \/>\t\t\t\t\t\t\t\t<\/a>\n\t\t\t\t\t\t\t\t\t\t\t\t\t\t\t<\/div>\n\t\t\t\t<\/div>\n\t\t\t\t\t<\/div>\n\t\t<\/div>\n\t\t\t\t<div class=\"elementor-column elementor-col-25 elementor-top-column elementor-element elementor-element-0e00c8d\" data-id=\"0e00c8d\" data-element_type=\"column\" data-e-type=\"column\">\n\t\t\t<div class=\"elementor-widget-wrap elementor-element-populated\">\n\t\t\t\t\t\t<div class=\"elementor-element elementor-element-73ef632 elementor-widget elementor-widget-image\" data-id=\"73ef632\" data-element_type=\"widget\" data-e-type=\"widget\" data-widget_type=\"image.default\">\n\t\t\t\t<div class=\"elementor-widget-container\">\n\t\t\t\t\t\t\t\t\t\t\t\t\t\t\t\t<a href=\"https:\/\/www.kemica.de\/2\/?L=1\">\n\t\t\t\t\t\t\t<img loading=\"lazy\" decoding=\"async\" width=\"300\" height=\"300\" src=\"https:\/\/redis.al\/wp-content\/uploads\/2022\/12\/Kemica-logo.png\" class=\"attachment-large size-large wp-image-3446\" alt=\"\" srcset=\"https:\/\/redis.al\/wp-content\/uploads\/2022\/12\/Kemica-logo.png 300w, https:\/\/redis.al\/wp-content\/uploads\/2022\/12\/Kemica-logo-150x150.png 150w\" sizes=\"(max-width: 300px) 100vw, 300px\" \/>\t\t\t\t\t\t\t\t<\/a>\n\t\t\t\t\t\t\t\t\t\t\t\t\t\t\t<\/div>\n\t\t\t\t<\/div>\n\t\t\t\t\t<\/div>\n\t\t<\/div>\n\t\t\t\t<div class=\"elementor-column elementor-col-25 elementor-top-column elementor-element elementor-element-cdfde16\" data-id=\"cdfde16\" data-element_type=\"column\" data-e-type=\"column\">\n\t\t\t<div class=\"elementor-widget-wrap elementor-element-populated\">\n\t\t\t\t\t\t<div class=\"elementor-element elementor-element-ded87ff elementor-widget elementor-widget-image\" data-id=\"ded87ff\" data-element_type=\"widget\" data-e-type=\"widget\" data-widget_type=\"image.default\">\n\t\t\t\t<div class=\"elementor-widget-container\">\n\t\t\t\t\t\t\t\t\t\t\t\t\t\t\t\t<a href=\"https:\/\/www.eptanova.com\/en\">\n\t\t\t\t\t\t\t<img loading=\"lazy\" decoding=\"async\" width=\"300\" height=\"300\" src=\"https:\/\/redis.al\/wp-content\/uploads\/2022\/12\/Eptanova-logo.png\" class=\"attachment-large size-large wp-image-3417\" alt=\"\" srcset=\"https:\/\/redis.al\/wp-content\/uploads\/2022\/12\/Eptanova-logo.png 300w, https:\/\/redis.al\/wp-content\/uploads\/2022\/12\/Eptanova-logo-150x150.png 150w\" sizes=\"(max-width: 300px) 100vw, 300px\" \/>\t\t\t\t\t\t\t\t<\/a>\n\t\t\t\t\t\t\t\t\t\t\t\t\t\t\t<\/div>\n\t\t\t\t<\/div>\n\t\t\t\t\t<\/div>\n\t\t<\/div>\n\t\t\t\t<div class=\"elementor-column elementor-col-25 elementor-top-column elementor-element elementor-element-a2ec416\" data-id=\"a2ec416\" data-element_type=\"column\" data-e-type=\"column\">\n\t\t\t<div class=\"elementor-widget-wrap elementor-element-populated\">\n\t\t\t\t\t\t<div class=\"elementor-element elementor-element-59bc284 elementor-widget elementor-widget-image\" data-id=\"59bc284\" data-element_type=\"widget\" data-e-type=\"widget\" data-widget_type=\"image.default\">\n\t\t\t\t<div class=\"elementor-widget-container\">\n\t\t\t\t\t\t\t\t\t\t\t\t\t\t\t\t<a href=\"https:\/\/www.multicam.com\/\">\n\t\t\t\t\t\t\t<img loading=\"lazy\" decoding=\"async\" width=\"300\" height=\"300\" src=\"https:\/\/redis.al\/wp-content\/uploads\/2022\/12\/Multicam-logo.jpg\" class=\"attachment-large size-large wp-image-3451\" alt=\"\" srcset=\"https:\/\/redis.al\/wp-content\/uploads\/2022\/12\/Multicam-logo.jpg 300w, https:\/\/redis.al\/wp-content\/uploads\/2022\/12\/Multicam-logo-150x150.jpg 150w\" sizes=\"(max-width: 300px) 100vw, 300px\" \/>\t\t\t\t\t\t\t\t<\/a>\n\t\t\t\t\t\t\t\t\t\t\t\t\t\t\t<\/div>\n\t\t\t\t<\/div>\n\t\t\t\t\t<\/div>\n\t\t<\/div>\n\t\t\t\t\t<\/div>\n\t\t<\/section>\n\t\t\t\t<section class=\"elementor-section elementor-top-section elementor-element elementor-element-12fec7e elementor-section-boxed elementor-section-height-default elementor-section-height-default\" data-id=\"12fec7e\" data-element_type=\"section\" data-e-type=\"section\">\n\t\t\t\t\t\t<div class=\"elementor-container elementor-column-gap-default\">\n\t\t\t\t\t<div class=\"elementor-column elementor-col-50 elementor-top-column elementor-element elementor-element-b8fd459\" data-id=\"b8fd459\" data-element_type=\"column\" data-e-type=\"column\">\n\t\t\t<div class=\"elementor-widget-wrap elementor-element-populated\">\n\t\t\t\t\t\t<div class=\"elementor-element elementor-element-d1ad0ec elementor-widget elementor-widget-image\" data-id=\"d1ad0ec\" data-element_type=\"widget\" data-e-type=\"widget\" data-widget_type=\"image.default\">\n\t\t\t\t<div class=\"elementor-widget-container\">\n\t\t\t\t\t\t\t\t\t\t\t\t\t\t\t\t<a href=\"http:\/\/leister.al\/\">\n\t\t\t\t\t\t\t<img loading=\"lazy\" decoding=\"async\" width=\"300\" height=\"300\" src=\"https:\/\/redis.al\/wp-content\/uploads\/2022\/12\/Leister-logo.png\" class=\"attachment-large size-large wp-image-3452\" alt=\"\" srcset=\"https:\/\/redis.al\/wp-content\/uploads\/2022\/12\/Leister-logo.png 300w, https:\/\/redis.al\/wp-content\/uploads\/2022\/12\/Leister-logo-150x150.png 150w\" sizes=\"(max-width: 300px) 100vw, 300px\" \/>\t\t\t\t\t\t\t\t<\/a>\n\t\t\t\t\t\t\t\t\t\t\t\t\t\t\t<\/div>\n\t\t\t\t<\/div>\n\t\t\t\t\t<\/div>\n\t\t<\/div>\n\t\t\t\t<div class=\"elementor-column elementor-col-50 elementor-top-column elementor-element elementor-element-0f027d7\" data-id=\"0f027d7\" data-element_type=\"column\" data-e-type=\"column\">\n\t\t\t<div class=\"elementor-widget-wrap elementor-element-populated\">\n\t\t\t\t\t\t<div class=\"elementor-element elementor-element-6cbf216 elementor-widget elementor-widget-image\" data-id=\"6cbf216\" data-element_type=\"widget\" data-e-type=\"widget\" data-widget_type=\"image.default\">\n\t\t\t\t<div class=\"elementor-widget-container\">\n\t\t\t\t\t\t\t\t\t\t\t\t\t\t\t\t<a href=\"https:\/\/www.poli-tape.de\/en\/products\/textile-graphics\/\">\n\t\t\t\t\t\t\t<img loading=\"lazy\" decoding=\"async\" width=\"300\" height=\"300\" src=\"https:\/\/redis.al\/wp-content\/uploads\/2022\/12\/Politape-logo.png\" class=\"attachment-large size-large wp-image-3456\" alt=\"\" srcset=\"https:\/\/redis.al\/wp-content\/uploads\/2022\/12\/Politape-logo.png 300w, https:\/\/redis.al\/wp-content\/uploads\/2022\/12\/Politape-logo-150x150.png 150w\" sizes=\"(max-width: 300px) 100vw, 300px\" \/>\t\t\t\t\t\t\t\t<\/a>\n\t\t\t\t\t\t\t\t\t\t\t\t\t\t\t<\/div>\n\t\t\t\t<\/div>\n\t\t\t\t\t<\/div>\n\t\t<\/div>\n\t\t\t\t\t<\/div>\n\t\t<\/section>\n\t\t\t\t<\/div>","protected":false},"excerpt":{"rendered":"<p>Together with our partners in Europe and other countries, [&hellip;]<\/p>\n","protected":false},"author":1,"featured_media":0,"parent":0,"menu_order":0,"comment_status":"closed","ping_status":"closed","template":"","meta":{"footnotes":""},"class_list":["post-3405","page","type-page","status-publish","hentry"],"_links":{"self":[{"href":"https:\/\/redis.al\/sq\/wp-json\/wp\/v2\/pages\/3405","targetHints":{"allow":["GET"]}}],"collection":[{"href":"https:\/\/redis.al\/sq\/wp-json\/wp\/v2\/pages"}],"about":[{"href":"https:\/\/redis.al\/sq\/wp-json\/wp\/v2\/types\/page"}],"author":[{"embeddable":true,"href":"https:\/\/redis.al\/sq\/wp-json\/wp\/v2\/users\/1"}],"replies":[{"embeddable":true,"href":"https:\/\/redis.al\/sq\/wp-json\/wp\/v2\/comments?post=3405"}],"version-history":[{"count":29,"href":"https:\/\/redis.al\/sq\/wp-json\/wp\/v2\/pages\/3405\/revisions"}],"predecessor-version":[{"id":6098,"href":"https:\/\/redis.al\/sq\/wp-json\/wp\/v2\/pages\/3405\/revisions\/6098"}],"wp:attachment":[{"href":"https:\/\/redis.al\/sq\/wp-json\/wp\/v2\/media?parent=3405"}],"curies":[{"name":"wp","href":"https:\/\/api.w.org\/{rel}","templated":true}]}}