{"id":253,"date":"2019-10-17T03:49:28","date_gmt":"2019-10-17T03:49:28","guid":{"rendered":"http:\/\/dexen.smartdemowp.com\/?page_id=253"},"modified":"2022-11-30T12:06:26","modified_gmt":"2022-11-30T12:06:26","slug":"project-details","status":"publish","type":"page","link":"https:\/\/redis.al\/sq\/project-details\/","title":{"rendered":"Softuer Printerash"},"content":{"rendered":"<div data-elementor-type=\"wp-page\" data-elementor-id=\"253\" class=\"elementor elementor-253\">\n\t\t\t\t\t\t<section class=\"elementor-section elementor-top-section elementor-element elementor-element-056a649 elementor-section-stretched elementor-section-boxed elementor-section-height-default elementor-section-height-default\" data-id=\"056a649\" data-element_type=\"section\" data-e-type=\"section\" data-settings=\"{&quot;stretch_section&quot;:&quot;section-stretched&quot;}\">\n\t\t\t\t\t\t<div class=\"elementor-container elementor-column-gap-default\">\n\t\t\t\t\t<div class=\"elementor-column elementor-col-66 elementor-top-column elementor-element elementor-element-f309e04\" data-id=\"f309e04\" data-element_type=\"column\" data-e-type=\"column\">\n\t\t\t<div class=\"elementor-widget-wrap elementor-element-populated\">\n\t\t\t\t\t\t<div class=\"elementor-element elementor-element-f839f64 elementor-widget elementor-widget-spacer\" data-id=\"f839f64\" data-element_type=\"widget\" data-e-type=\"widget\" data-widget_type=\"spacer.default\">\n\t\t\t\t<div class=\"elementor-widget-container\">\n\t\t\t\t\t\t\t<div class=\"elementor-spacer\">\n\t\t\t<div class=\"elementor-spacer-inner\"><\/div>\n\t\t<\/div>\n\t\t\t\t\t\t<\/div>\n\t\t\t\t<\/div>\n\t\t\t\t<div class=\"elementor-element elementor-element-ced11ee elementor-widget elementor-widget-text-editor\" data-id=\"ced11ee\" data-element_type=\"widget\" data-e-type=\"widget\" data-widget_type=\"text-editor.default\">\n\t\t\t\t<div class=\"elementor-widget-container\">\n\t\t\t\t\t\t\t\t\t<div class=\"project-details__content content-margin-50\"><div class=\"av-special-heading av-special-heading-h1 custom-color-heading blockquote modern-quote avia-builder-el-3 el_before_av_textblock avia-builder-el-first av-inherit-size\"><h1 class=\"av-special-heading-tag\"><span style=\"color: #000000;\">Softuer p\u00ebr menaxhimin e makinerive<\/span><\/h1><\/div><section class=\"av_textblock_section\"><div class=\"avia_textblock av_inherit_color\"><p><span style=\"color: #333333;\">As the necessity for the relationship between part in creative and printing application, computer programs play a very important role for all providers printing services, as they help increase the efficiency, output and quality of results. Redi\u2019s now offers programs Onyx,the largest company in the world print management technologies digital.\u00a0Redi\u2019s has on its staff two engineers trained not only for software installation, but also the preparation of ICC profiles, so necessary for profitable printing and quality. Redi\u2019s offer ICC profiles not only for the brands of printers that represents.<\/span><\/p><\/div><\/section><p><!-- \/.project-details__text --><\/p><p class=\"project-details__text\">\u00a0<\/p><\/div>\t\t\t\t\t\t\t\t<\/div>\n\t\t\t\t<\/div>\n\t\t\t\t\t<\/div>\n\t\t<\/div>\n\t\t\t\t<div class=\"elementor-column elementor-col-33 elementor-top-column elementor-element elementor-element-b87147a\" data-id=\"b87147a\" data-element_type=\"column\" data-e-type=\"column\">\n\t\t\t<div class=\"elementor-widget-wrap elementor-element-populated\">\n\t\t\t\t\t\t<div class=\"elementor-element elementor-element-9b8841f elementor-widget elementor-widget-spacer\" data-id=\"9b8841f\" data-element_type=\"widget\" data-e-type=\"widget\" data-widget_type=\"spacer.default\">\n\t\t\t\t<div class=\"elementor-widget-container\">\n\t\t\t\t\t\t\t<div class=\"elementor-spacer\">\n\t\t\t<div class=\"elementor-spacer-inner\"><\/div>\n\t\t<\/div>\n\t\t\t\t\t\t<\/div>\n\t\t\t\t<\/div>\n\t\t\t\t<div class=\"elementor-element elementor-element-375fac3 elementor-widget elementor-widget-dexen_single_project\" data-id=\"375fac3\" data-element_type=\"widget\" data-e-type=\"widget\" data-widget_type=\"dexen_single_project.default\">\n\t\t\t\t<div class=\"elementor-widget-container\">\n\t\t\t\t\t\t\t\t\t\t<section class=\"project-details\">\n\t\t\t\t<div class=\"container\">\n\t\t\t\t\t<div class=\"row-3-col\">\n\t\t\t\t\t\t\t\t\t\t\t\t\t<div class=\"col-3-col content-margin-30\">\n\t\t\t\t\t\t\t\t<img decoding=\"async\" src=\"https:\/\/redis.al\/wp-content\/uploads\/2022\/11\/news-onyx12-1.jpg\" alt=\"Awesome Image\">\n\t\t\t\t\t\t\t<\/div>\n\t\t\t\t\t\t\t\t\t\t\t<\/div>\n\t\t\t\t<\/div>\n\t\t\t<\/section>\n\t\t\t\t\t\t\t<\/div>\n\t\t\t\t<\/div>\n\t\t\t\t\t<\/div>\n\t\t<\/div>\n\t\t\t\t\t<\/div>\n\t\t<\/section>\n\t\t\t\t<section class=\"elementor-section elementor-top-section elementor-element elementor-element-f477e9f elementor-section-boxed elementor-section-height-default elementor-section-height-default\" data-id=\"f477e9f\" data-element_type=\"section\" data-e-type=\"section\">\n\t\t\t\t\t\t<div class=\"elementor-container elementor-column-gap-default\">\n\t\t\t\t\t<div class=\"elementor-column elementor-col-100 elementor-top-column elementor-element elementor-element-fd18c62\" data-id=\"fd18c62\" data-element_type=\"column\" data-e-type=\"column\">\n\t\t\t<div class=\"elementor-widget-wrap elementor-element-populated\">\n\t\t\t\t\t\t<section class=\"elementor-section elementor-inner-section elementor-element elementor-element-015b62e elementor-section-boxed elementor-section-height-default elementor-section-height-default\" data-id=\"015b62e\" data-element_type=\"section\" data-e-type=\"section\">\n\t\t\t\t\t\t<div class=\"elementor-container elementor-column-gap-default\">\n\t\t\t\t\t<div class=\"elementor-column elementor-col-50 elementor-inner-column elementor-element elementor-element-86ee661\" data-id=\"86ee661\" data-element_type=\"column\" data-e-type=\"column\">\n\t\t\t<div class=\"elementor-widget-wrap elementor-element-populated\">\n\t\t\t\t\t\t<div class=\"elementor-element elementor-element-e6be6c7 elementor-widget elementor-widget-text-editor\" data-id=\"e6be6c7\" data-element_type=\"widget\" data-e-type=\"widget\" data-widget_type=\"text-editor.default\">\n\t\t\t\t<div class=\"elementor-widget-container\">\n\t\t\t\t\t\t\t\t\t<p style=\"text-align: left;\"><span style=\"color: #333333;\"><span style=\"color: #000000;\"><strong>ONYX Graphics, Inc.<\/strong>\u00a0<\/span>i ndihmon kompanit\u00eb t\u00eb p\u00ebrmir\u00ebsojn\u00eb rezultatet e tyre p\u00ebrfundimtare duke ulur kostot e printimit dhe duke rritur produktivitetin. ONYX zhvillon dhe tregton softuer dhe zgjidhje komerciale t\u00eb printimit p\u00ebr tregun dixhital t\u00eb printimit me ngjyra. Duke kombinuar njohurit\u00eb e shkenc\u00ebs s\u00eb ngjyrave, p\u00ebrpunimit t\u00eb imazhit dhe prodhimit t\u00eb printimit, ONYX ofron zgjidhje t\u00eb fuqishme dhe t\u00eb besueshme t\u00eb rrjedh\u00ebs s\u00eb pun\u00ebs s\u00eb printimit.<\/span><\/p><p style=\"text-align: left;\">\u00a0<\/p>\t\t\t\t\t\t\t\t<\/div>\n\t\t\t\t<\/div>\n\t\t\t\t<div class=\"elementor-element elementor-element-88e6b05 elementor-widget elementor-widget-image\" data-id=\"88e6b05\" data-element_type=\"widget\" data-e-type=\"widget\" data-widget_type=\"image.default\">\n\t\t\t\t<div class=\"elementor-widget-container\">\n\t\t\t\t\t\t\t\t\t\t\t\t\t\t\t<img decoding=\"async\" src=\"https:\/\/cdn.shopify.com\/s\/files\/1\/0007\/2980\/9011\/products\/OnyxLogo_1080x.png?v=1638168733\" title=\"\" alt=\"\" loading=\"lazy\" \/>\t\t\t\t\t\t\t\t\t\t\t\t\t\t\t<\/div>\n\t\t\t\t<\/div>\n\t\t\t\t\t<\/div>\n\t\t<\/div>\n\t\t\t\t<div class=\"elementor-column elementor-col-50 elementor-inner-column elementor-element elementor-element-b60499a\" data-id=\"b60499a\" data-element_type=\"column\" data-e-type=\"column\">\n\t\t\t<div class=\"elementor-widget-wrap elementor-element-populated\">\n\t\t\t\t\t\t<div class=\"elementor-element elementor-element-6fe9b1f elementor-widget elementor-widget-image\" data-id=\"6fe9b1f\" data-element_type=\"widget\" data-e-type=\"widget\" data-widget_type=\"image.default\">\n\t\t\t\t<div class=\"elementor-widget-container\">\n\t\t\t\t\t\t\t\t\t\t\t\t\t\t\t<img fetchpriority=\"high\" decoding=\"async\" width=\"300\" height=\"300\" src=\"https:\/\/redis.al\/wp-content\/uploads\/2022\/11\/upgrades_1_1-300x300.png\" class=\"attachment-medium size-medium wp-image-1442\" alt=\"\" srcset=\"https:\/\/redis.al\/wp-content\/uploads\/2022\/11\/upgrades_1_1-300x300.png 300w, https:\/\/redis.al\/wp-content\/uploads\/2022\/11\/upgrades_1_1-150x150.png 150w, https:\/\/redis.al\/wp-content\/uploads\/2022\/11\/upgrades_1_1.png 600w\" sizes=\"(max-width: 300px) 100vw, 300px\" \/>\t\t\t\t\t\t\t\t\t\t\t\t\t\t\t<\/div>\n\t\t\t\t<\/div>\n\t\t\t\t<div class=\"elementor-element elementor-element-bc582f3 elementor-widget elementor-widget-text-editor\" data-id=\"bc582f3\" data-element_type=\"widget\" data-e-type=\"widget\" data-widget_type=\"text-editor.default\">\n\t\t\t\t<div class=\"elementor-widget-container\">\n\t\t\t\t\t\t\t\t\t<p style=\"margin-top: 0.85em; margin-bottom: 0.85em; font-variant-numeric: inherit; font-variant-east-asian: inherit; font-stretch: inherit; font-size: 14px; line-height: inherit; font-family: 'Open Sans', HelveticaNeue, 'Helvetica Neue', Helvetica, Arial, sans-serif; vertical-align: baseline; color: #666666; border: 0px initial #e1e1e1;\"><span style=\"color: #000000;\"><strong style=\"font-style: inherit; font-variant: inherit; font-weight: bold; font-stretch: inherit; font-size: inherit; font-family: inherit; vertical-align: baseline;\">ONYX Advantage<sup style=\"font-style: inherit; font-variant: inherit; font-weight: inherit; font-stretch: inherit; font-size: smaller; line-height: inherit; font-family: inherit; vertical-align: super; border: 0px initial #e1e1e1;\"><small style=\"font-style: inherit; font-variant: inherit; font-weight: inherit; font-stretch: inherit; font-size: 9.33333px; font-family: inherit; vertical-align: baseline; border: 0px initial #e1e1e1;\">TM<\/small><\/sup>\u00a0is a simple and\u00a0 cost-effective way for Poster-shop and Production House users to<\/strong><\/span><br \/><span style=\"color: #000000;\"><strong style=\"font-style: inherit; font-variant: inherit; font-weight: bold; font-stretch: inherit; font-size: inherit; font-family: inherit; vertical-align: baseline;\">mir\u00ebmbajtur softuer\u00ebt e tyre.<\/strong><\/span><\/p><p style=\"margin-top: 0.85em; margin-bottom: 0.85em; font-variant-numeric: inherit; font-variant-east-asian: inherit; font-stretch: inherit; font-size: 14px; line-height: inherit; font-family: 'Open Sans', HelveticaNeue, 'Helvetica Neue', Helvetica, Arial, sans-serif; vertical-align: baseline; color: #666666; border: 0px initial #e1e1e1;\"><span style=\"color: #333333;\">1.\u00c7do driver, n\u00eb \u00e7do koh\u00eb<\/span><\/p><p><span style=\"color: #333333;\">2.M\u00eb shum\u00eb efikasitet me p\u00ebrdit\u00ebsimet m\u00eb t\u00eb fundit t\u00eb RIP<\/span><\/p><p><span style=\"color: #333333;\">3.P\u00ebrfshin l\u00ebshimet kryesore si versioni X10<\/span><\/p><p><span style=\"color: #333333;\">4.P\u00ebrfshin p\u00ebrdit\u00ebsime t\u00eb m\u00ebdha<\/span><\/p><p><span style=\"color: #333333;\">5. Pa shqetesime<\/span><\/p>\t\t\t\t\t\t\t\t<\/div>\n\t\t\t\t<\/div>\n\t\t\t\t\t<\/div>\n\t\t<\/div>\n\t\t\t\t\t<\/div>\n\t\t<\/section>\n\t\t\t\t\t<\/div>\n\t\t<\/div>\n\t\t\t\t\t<\/div>\n\t\t<\/section>\n\t\t\t\t<\/div>","protected":false},"excerpt":{"rendered":"<p>Software for machinery management As the necessity for the [&hellip;]<\/p>\n","protected":false},"author":1,"featured_media":0,"parent":0,"menu_order":0,"comment_status":"closed","ping_status":"closed","template":"elementor_header_footer","meta":{"footnotes":""},"class_list":["post-253","page","type-page","status-publish","hentry"],"_links":{"self":[{"href":"https:\/\/redis.al\/sq\/wp-json\/wp\/v2\/pages\/253","targetHints":{"allow":["GET"]}}],"collection":[{"href":"https:\/\/redis.al\/sq\/wp-json\/wp\/v2\/pages"}],"about":[{"href":"https:\/\/redis.al\/sq\/wp-json\/wp\/v2\/types\/page"}],"author":[{"embeddable":true,"href":"https:\/\/redis.al\/sq\/wp-json\/wp\/v2\/users\/1"}],"replies":[{"embeddable":true,"href":"https:\/\/redis.al\/sq\/wp-json\/wp\/v2\/comments?post=253"}],"version-history":[{"count":30,"href":"https:\/\/redis.al\/sq\/wp-json\/wp\/v2\/pages\/253\/revisions"}],"predecessor-version":[{"id":2094,"href":"https:\/\/redis.al\/sq\/wp-json\/wp\/v2\/pages\/253\/revisions\/2094"}],"wp:attachment":[{"href":"https:\/\/redis.al\/sq\/wp-json\/wp\/v2\/media?parent=253"}],"curies":[{"name":"wp","href":"https:\/\/api.w.org\/{rel}","templated":true}]}}