{"id":247,"date":"2019-10-17T03:48:52","date_gmt":"2019-10-17T03:48:52","guid":{"rendered":"http:\/\/dexen.smartdemowp.com\/?page_id=247"},"modified":"2022-12-29T13:22:35","modified_gmt":"2022-12-29T13:22:35","slug":"all-services","status":"publish","type":"page","link":"https:\/\/redis.al\/sq\/all-services\/","title":{"rendered":"Suporti Teknik"},"content":{"rendered":"<div data-elementor-type=\"wp-page\" data-elementor-id=\"247\" class=\"elementor elementor-247\">\n\t\t\t\t\t\t<section class=\"elementor-section elementor-top-section elementor-element elementor-element-6fde04d elementor-section-stretched elementor-section-full_width elementor-section-height-default elementor-section-height-default\" data-id=\"6fde04d\" data-element_type=\"section\" data-e-type=\"section\" data-settings=\"{&quot;stretch_section&quot;:&quot;section-stretched&quot;}\">\n\t\t\t\t\t\t<div class=\"elementor-container elementor-column-gap-no\">\n\t\t\t\t\t<div class=\"elementor-column elementor-col-100 elementor-top-column elementor-element elementor-element-962a918\" data-id=\"962a918\" data-element_type=\"column\" data-e-type=\"column\">\n\t\t\t<div class=\"elementor-widget-wrap elementor-element-populated\">\n\t\t\t\t\t\t<div class=\"elementor-element elementor-element-d593584 elementor-widget elementor-widget-spacer\" data-id=\"d593584\" data-element_type=\"widget\" data-e-type=\"widget\" data-widget_type=\"spacer.default\">\n\t\t\t\t<div class=\"elementor-widget-container\">\n\t\t\t\t\t\t\t<div class=\"elementor-spacer\">\n\t\t\t<div class=\"elementor-spacer-inner\"><\/div>\n\t\t<\/div>\n\t\t\t\t\t\t<\/div>\n\t\t\t\t<\/div>\n\t\t\t\t<section class=\"elementor-section elementor-inner-section elementor-element elementor-element-278eaf1 elementor-section-boxed elementor-section-height-default elementor-section-height-default\" data-id=\"278eaf1\" data-element_type=\"section\" data-e-type=\"section\">\n\t\t\t\t\t\t<div class=\"elementor-container elementor-column-gap-default\">\n\t\t\t\t\t<div class=\"elementor-column elementor-col-50 elementor-inner-column elementor-element elementor-element-f5a18c0\" data-id=\"f5a18c0\" data-element_type=\"column\" data-e-type=\"column\">\n\t\t\t<div class=\"elementor-widget-wrap elementor-element-populated\">\n\t\t\t\t\t\t<div class=\"elementor-element elementor-element-6a32a37 elementor-widget elementor-widget-text-editor\" data-id=\"6a32a37\" data-element_type=\"widget\" data-e-type=\"widget\" data-widget_type=\"text-editor.default\">\n\t\t\t\t<div class=\"elementor-widget-container\">\n\t\t\t\t\t\t\t\t\t<div class=\"av-special-heading av-special-heading-h1 custom-color-heading blockquote modern-quote  avia-builder-el-3  el_before_av_textblock  avia-builder-el-first  av-inherit-size\"><h1 class=\"av-special-heading-tag\"><span style=\"color: #000000;\">Suporti Teknik<\/span><\/h1><\/div><section class=\"av_textblock_section\"><div class=\"avia_textblock  av_inherit_color\"><p><span style=\"color: #000000;\"><strong>Mb\u00ebshtetja dhe mir\u00ebmbajtja teknike e harduerit dhe softuerit \u00ebsht\u00eb thelb\u00ebsore p\u00ebr t\u00eb mbajtur sistemet tuaja n\u00eb funksion.<\/strong><\/span><\/p><p><span style=\"color: #000000;\">Portofoli yn\u00eb gjith\u00ebp\u00ebrfshir\u00ebs i sh\u00ebrbimeve t\u00eb mb\u00ebshtetjes teknike, mir\u00ebmbajtjes dhe garancis\u00eb \u00ebsht\u00eb krijuar p\u00ebr t\u00eb mbrojtur mjedisin tuaj t\u00eb printimit gjat\u00eb periudhave t\u00eb garancis\u00eb dhe pas garancis\u00eb. Pavar\u00ebsisht n\u00ebse d\u00ebshironi t\u00eb p\u00ebrmir\u00ebsoni sh\u00ebrbimin tuaj p\u00ebr makinerit\u00eb me garanci ose t\u00eb zgjeroni mbulimin tuaj t\u00eb mb\u00ebshtetjes teknike pas garancis\u00eb, ne ofrojm\u00eb teknik\u00eb me p\u00ebrvoj\u00eb, nj\u00eb rrjet t\u00eb gjer\u00eb pjes\u00ebsh dhe opsione fleksib\u00ebl t\u00eb nivelit t\u00eb sh\u00ebrbimit, t\u00eb krijuara p\u00ebr t\u00eb p\u00ebrmbushur nevojat tuaja specifike t\u00eb biznesit.<\/span><\/p><\/div><\/section>\t\t\t\t\t\t\t\t<\/div>\n\t\t\t\t<\/div>\n\t\t\t\t\t<\/div>\n\t\t<\/div>\n\t\t\t\t<div class=\"elementor-column elementor-col-50 elementor-inner-column elementor-element elementor-element-4b9872c\" data-id=\"4b9872c\" data-element_type=\"column\" data-e-type=\"column\">\n\t\t\t<div class=\"elementor-widget-wrap elementor-element-populated\">\n\t\t\t\t\t\t<div class=\"elementor-element elementor-element-3909035 elementor-widget elementor-widget-image\" data-id=\"3909035\" data-element_type=\"widget\" data-e-type=\"widget\" data-widget_type=\"image.default\">\n\t\t\t\t<div class=\"elementor-widget-container\">\n\t\t\t\t\t\t\t\t\t\t\t\t\t\t\t<img fetchpriority=\"high\" decoding=\"async\" width=\"640\" height=\"304\" src=\"https:\/\/redis.al\/wp-content\/uploads\/2022\/11\/hro_repro_houses_tcm_170_1610727_tcm245_2023211_tcm245_2023156_tcm245-2023211-1030x489-1-768x365.jpg\" class=\"attachment-medium_large size-medium_large wp-image-1428\" alt=\"\" srcset=\"https:\/\/redis.al\/wp-content\/uploads\/2022\/11\/hro_repro_houses_tcm_170_1610727_tcm245_2023211_tcm245_2023156_tcm245-2023211-1030x489-1-768x365.jpg 768w, https:\/\/redis.al\/wp-content\/uploads\/2022\/11\/hro_repro_houses_tcm_170_1610727_tcm245_2023211_tcm245_2023156_tcm245-2023211-1030x489-1-300x142.jpg 300w, https:\/\/redis.al\/wp-content\/uploads\/2022\/11\/hro_repro_houses_tcm_170_1610727_tcm245_2023211_tcm245_2023156_tcm245-2023211-1030x489-1-1024x486.jpg 1024w, https:\/\/redis.al\/wp-content\/uploads\/2022\/11\/hro_repro_houses_tcm_170_1610727_tcm245_2023211_tcm245_2023156_tcm245-2023211-1030x489-1.jpg 1030w\" sizes=\"(max-width: 640px) 100vw, 640px\" \/>\t\t\t\t\t\t\t\t\t\t\t\t\t\t\t<\/div>\n\t\t\t\t<\/div>\n\t\t\t\t\t<\/div>\n\t\t<\/div>\n\t\t\t\t\t<\/div>\n\t\t<\/section>\n\t\t\t\t<div class=\"elementor-element elementor-element-823cf93 elementor-widget elementor-widget-spacer\" data-id=\"823cf93\" data-element_type=\"widget\" data-e-type=\"widget\" data-widget_type=\"spacer.default\">\n\t\t\t\t<div class=\"elementor-widget-container\">\n\t\t\t\t\t\t\t<div class=\"elementor-spacer\">\n\t\t\t<div class=\"elementor-spacer-inner\"><\/div>\n\t\t<\/div>\n\t\t\t\t\t\t<\/div>\n\t\t\t\t<\/div>\n\t\t\t\t\t<\/div>\n\t\t<\/div>\n\t\t\t\t\t<\/div>\n\t\t<\/section>\n\t\t\t\t<section class=\"elementor-section elementor-top-section elementor-element elementor-element-04dc209 elementor-section-boxed elementor-section-height-default elementor-section-height-default\" data-id=\"04dc209\" data-element_type=\"section\" data-e-type=\"section\">\n\t\t\t\t\t\t<div class=\"elementor-container elementor-column-gap-default\">\n\t\t\t\t\t<div class=\"elementor-column elementor-col-100 elementor-top-column elementor-element elementor-element-e2d3269\" data-id=\"e2d3269\" data-element_type=\"column\" data-e-type=\"column\">\n\t\t\t<div class=\"elementor-widget-wrap elementor-element-populated\">\n\t\t\t\t\t\t<div class=\"elementor-element elementor-element-8f98df6 elementor-widget elementor-widget-text-editor\" data-id=\"8f98df6\" data-element_type=\"widget\" data-e-type=\"widget\" data-widget_type=\"text-editor.default\">\n\t\t\t\t<div class=\"elementor-widget-container\">\n\t\t\t\t\t\t\t\t\t<h1 class=\"av-special-heading-tag\" style=\"text-align: center;\"><span style=\"color: #000000;\"><strong>Departamenti i Suportit Teknik<\/strong><\/span><\/h1><div class=\"special-heading-border\">\u00a0<\/div>\t\t\t\t\t\t\t\t<\/div>\n\t\t\t\t<\/div>\n\t\t\t\t<div class=\"elementor-element elementor-element-65d87fa elementor-widget-divider--view-line elementor-widget elementor-widget-divider\" data-id=\"65d87fa\" data-element_type=\"widget\" data-e-type=\"widget\" data-widget_type=\"divider.default\">\n\t\t\t\t<div class=\"elementor-widget-container\">\n\t\t\t\t\t\t\t<div class=\"elementor-divider\">\n\t\t\t<span class=\"elementor-divider-separator\">\n\t\t\t\t\t\t<\/span>\n\t\t<\/div>\n\t\t\t\t\t\t<\/div>\n\t\t\t\t<\/div>\n\t\t\t\t<div class=\"elementor-element elementor-element-6b3d7b2 elementor-widget elementor-widget-text-editor\" data-id=\"6b3d7b2\" data-element_type=\"widget\" data-e-type=\"widget\" data-widget_type=\"text-editor.default\">\n\t\t\t\t<div class=\"elementor-widget-container\">\n\t\t\t\t\t\t\t\t\t<h3 class=\"team-member-name\"><span style=\"color: #b30039;\"><strong>INXH. Alfred Arapi<\/strong><\/span><\/h3><div class=\"team-member-job-title av_opacity_variation\"><div class=\"team-member-job-title av_opacity_variation\"><p class=\"team-member-job-title av_opacity_variation\"><span style=\"color: #000000;\">Inxhinier<\/span><\/p><div class=\"team-member-description\"><p><span style=\"color: #000000;\">fredi@redis.al<\/span><\/p><\/div><\/div><\/div><div class=\"team-member-description\" style=\"font-variant-numeric: inherit; font-variant-east-asian: inherit; font-stretch: inherit; font-size: 13px; font-family: 'Open Sans', HelveticaNeue, 'Helvetica Neue', Helvetica, Arial, sans-serif; vertical-align: baseline; color: #666666; border: 0px initial #e1e1e1;\"><h3 class=\"team-member-name\"><span style=\"color: #b30039;\"><strong>INXH. Bledian Kolici<\/strong><\/span><\/h3><p class=\"team-member-job-title av_opacity_variation\"><span style=\"color: #000000;\">Inxhinier<\/span><\/p><div class=\"team-member-description\"><p><span style=\"color: #000000;\">bledi@redis.al<\/span><\/p><\/div><div class=\"team-member-description\"><div class=\"team-member-job-title av_opacity_variation\"><h3 class=\"team-member-name\"><span style=\"color: #b30039;\"><strong>INXH. Dorian Mine<\/strong><\/span><\/h3><p class=\"team-member-job-title av_opacity_variation\"><span style=\"color: #000000;\">Inxhinier<\/span><\/p><p class=\"team-member-job-title av_opacity_variation\"><span style=\"color: #000000;\">dori@redis.al<\/span><\/p><\/div><\/div><\/div>\t\t\t\t\t\t\t\t<\/div>\n\t\t\t\t<\/div>\n\t\t\t\t\t<\/div>\n\t\t<\/div>\n\t\t\t\t\t<\/div>\n\t\t<\/section>\n\t\t\t\t<section class=\"elementor-section elementor-top-section elementor-element elementor-element-5f6d68e elementor-section-boxed elementor-section-height-default elementor-section-height-default\" data-id=\"5f6d68e\" data-element_type=\"section\" data-e-type=\"section\">\n\t\t\t\t\t\t<div class=\"elementor-container elementor-column-gap-default\">\n\t\t\t\t\t<div class=\"elementor-column elementor-col-100 elementor-top-column elementor-element elementor-element-bca192a\" data-id=\"bca192a\" data-element_type=\"column\" data-e-type=\"column\">\n\t\t\t<div class=\"elementor-widget-wrap elementor-element-populated\">\n\t\t\t\t\t\t<div class=\"elementor-element elementor-element-d46e729 elementor-widget elementor-widget-spacer\" data-id=\"d46e729\" data-element_type=\"widget\" data-e-type=\"widget\" data-widget_type=\"spacer.default\">\n\t\t\t\t<div class=\"elementor-widget-container\">\n\t\t\t\t\t\t\t<div class=\"elementor-spacer\">\n\t\t\t<div class=\"elementor-spacer-inner\"><\/div>\n\t\t<\/div>\n\t\t\t\t\t\t<\/div>\n\t\t\t\t<\/div>\n\t\t\t\t\t<\/div>\n\t\t<\/div>\n\t\t\t\t\t<\/div>\n\t\t<\/section>\n\t\t\t\t<\/div>","protected":false},"excerpt":{"rendered":"<p>Technical Support Hardware and software technical support and maintenance [&hellip;]<\/p>\n","protected":false},"author":1,"featured_media":0,"parent":0,"menu_order":0,"comment_status":"closed","ping_status":"closed","template":"elementor_header_footer","meta":{"footnotes":""},"class_list":["post-247","page","type-page","status-publish","hentry"],"_links":{"self":[{"href":"https:\/\/redis.al\/sq\/wp-json\/wp\/v2\/pages\/247","targetHints":{"allow":["GET"]}}],"collection":[{"href":"https:\/\/redis.al\/sq\/wp-json\/wp\/v2\/pages"}],"about":[{"href":"https:\/\/redis.al\/sq\/wp-json\/wp\/v2\/types\/page"}],"author":[{"embeddable":true,"href":"https:\/\/redis.al\/sq\/wp-json\/wp\/v2\/users\/1"}],"replies":[{"embeddable":true,"href":"https:\/\/redis.al\/sq\/wp-json\/wp\/v2\/comments?post=247"}],"version-history":[{"count":30,"href":"https:\/\/redis.al\/sq\/wp-json\/wp\/v2\/pages\/247\/revisions"}],"predecessor-version":[{"id":4988,"href":"https:\/\/redis.al\/sq\/wp-json\/wp\/v2\/pages\/247\/revisions\/4988"}],"wp:attachment":[{"href":"https:\/\/redis.al\/sq\/wp-json\/wp\/v2\/media?parent=247"}],"curies":[{"name":"wp","href":"https:\/\/api.w.org\/{rel}","templated":true}]}}